{"id":2089,"date":"2025-06-22T11:00:07","date_gmt":"2025-06-22T11:00:07","guid":{"rendered":"https:\/\/rocketstation.de\/?page_id=2089"},"modified":"2025-06-22T11:44:48","modified_gmt":"2025-06-22T11:44:48","slug":"terms-conditions","status":"publish","type":"page","link":"https:\/\/rocketstation.de\/de\/terms-conditions\/","title":{"rendered":"Allgemeine Gesch\u00e4ftsbedingungen (AGB) \u2013 Rocket Station Yoga Berlin"},"content":{"rendered":"<div data-elementor-type=\"wp-page\" data-elementor-id=\"2089\" class=\"elementor elementor-2089\" data-elementor-post-type=\"page\">\n\t\t\t\t\t\t<section class=\"elementor-section elementor-top-section elementor-element elementor-element-405236f0 elementor-section-boxed elementor-section-height-default elementor-section-height-default\" data-id=\"405236f0\" data-element_type=\"section\" data-e-type=\"section\">\n\t\t\t\t\t\t<div class=\"elementor-container elementor-column-gap-default\">\n\t\t\t\t\t<div class=\"elementor-column elementor-col-100 elementor-top-column elementor-element elementor-element-5d1183f\" data-id=\"5d1183f\" data-element_type=\"column\" data-e-type=\"column\">\n\t\t\t<div class=\"elementor-widget-wrap elementor-element-populated\">\n\t\t\t\t\t\t<div class=\"elementor-element elementor-element-3368ad37 elementor-widget elementor-widget-text-editor\" data-id=\"3368ad37\" data-element_type=\"widget\" data-e-type=\"widget\" data-widget_type=\"text-editor.default\">\n\t\t\t\t<div class=\"elementor-widget-container\">\n\t\t\t\t\t\t\t\t\t<h2 data-start=\"2544\" data-end=\"2573\">Allgemeine Gesch\u00e4ftsbedingungen (AGB) \u2013 Rocket Station Yoga Berlin<\/h2><h2 data-start=\"2544\" data-end=\"2573\">1. <strong data-start=\"2550\" data-end=\"2573\">1. Buchung und Zahlung<\/strong><\/h2><p data-start=\"2574\" data-end=\"2621\">Die Teilnahme an unseren Kursen ist \u00fcber folgende Wege m\u00f6glich:<\/p><ul data-start=\"2622\" data-end=\"2752\"><li data-start=\"2622\" data-end=\"2649\"><p data-start=\"2624\" data-end=\"2649\"><strong data-start=\"2624\" data-end=\"2649\">Online-Buchung \u00fcber unsere Plattform Eversports<\/strong><\/p><\/li><li data-start=\"2650\" data-end=\"2695\"><p data-start=\"2652\" data-end=\"2695\"><strong data-start=\"2652\" data-end=\"2679\">Urban Sports Club (USC)<\/strong> f\u00fcr USC-Mitglieder<\/p><\/li><li data-start=\"2696\" data-end=\"2752\"><p data-start=\"2698\" data-end=\"2752\"><strong data-start=\"2698\" data-end=\"2725\">Pers\u00f6nlich im Studio,<\/strong>je nach Verf\u00fcgbarkeit<\/p><\/li><\/ul><p data-start=\"2754\" data-end=\"2775\">Die Bezahlung erfolgt:<\/p><ul data-start=\"2776\" data-end=\"2860\"><li data-start=\"2776\" data-end=\"2803\"><p data-start=\"2778\" data-end=\"2803\"><strong data-start=\"2778\" data-end=\"2803\">Online-Buchung \u00fcber unsere Plattform Eversports<\/strong><\/p><\/li><li data-start=\"2804\" data-end=\"2860\"><p data-start=\"2806\" data-end=\"2860\"><strong data-start=\"2806\" data-end=\"2836\">Vor Ort im Studio per Kartenzahlung<\/strong> (keine Barzahlung m\u00f6glich)<\/p><\/li><\/ul><h2 data-start=\"2862\" data-end=\"2891\">2. <strong data-start=\"2868\" data-end=\"2891\">Stornierungsbedingungen<\/strong><\/h2><p data-start=\"2892\" data-end=\"2961\">Eine kostenfreie Stornierung ist bis sp\u00e4testens <strong data-start=\"2928\" data-end=\"2960\">24 Stunden vor Kursbeginn m\u00f6glich.<\/strong>.<\/p><ul data-start=\"2963\" data-end=\"3393\"><li data-start=\"2963\" data-end=\"3118\"><p data-start=\"2965\" data-end=\"3118\">Bei <strong data-start=\"2969\" data-end=\"3003\">Einzelkarten oder Drop-ins<\/strong>verf\u00e4llt bei sp\u00e4terer Stornierung oder Nichterscheinen der Anspruch auf Teilnahme. Eine R\u00fcckerstattung oder Umbuchung ist in diesem Fall ausgeschlossen.<\/p><\/li><li data-start=\"3119\" data-end=\"3205\"><p data-start=\"3121\" data-end=\"3205\">Bei <strong data-start=\"3125\" data-end=\"3150\">F\u00fcr Unlimited-Mitgliedschaften<\/strong>entstehen bei versp\u00e4teter Stornierung keine zus\u00e4tzlichen Kosten.<\/p><\/li><li data-start=\"3206\" data-end=\"3393\"><p data-start=\"3208\" data-end=\"3393\">Bei <strong data-start=\"3212\" data-end=\"3228\">USC bookings<\/strong>, <strong data-start=\"3234\" data-end=\"3275\">gelten ausschlie\u00dflich die Stornierungsrichtlinien von Urban Sports Club.<\/strong> Rocket Station Yoga hat keinen Einfluss auf die Bearbeitung versp\u00e4teter Stornierungen oder No-Shows innerhalb der USC-App.<\/p><\/li><\/ul><h2 data-start=\"3395\" data-end=\"3432\">3. <strong data-start=\"3401\" data-end=\"3432\">Verl\u00e4ngerungen &amp; Ausfallzeiten<\/strong><\/h2><ul data-start=\"3433\" data-end=\"3767\"><li data-start=\"3433\" data-end=\"3517\"><p data-start=\"3435\" data-end=\"3517\">Eine <strong data-start=\"3441\" data-end=\"3465\">Verl\u00e4ngerung von Karten oder Mitgliedschaften<\/strong> aufgrund von Urlaub ist leider nicht m\u00f6glich.<\/p><\/li><li data-start=\"3518\" data-end=\"3635\"><p data-start=\"3520\" data-end=\"3635\">Im <strong data-start=\"3535\" data-end=\"3546\">Krankheitsfall<\/strong>kann eine individuelle Pr\u00fcfung und Kulanzregelung erfolgen. Bitte kontaktiere uns hierf\u00fcr fr\u00fchzeitig per E-Mail.<\/p><\/li><li data-start=\"3636\" data-end=\"3767\"><p data-start=\"3638\" data-end=\"3767\">Sollte ein Kurs <strong data-start=\"3652\" data-end=\"3671\">von unserer Seite ausfallen<\/strong>, stellen wir dir eine <strong data-start=\"3692\" data-end=\"3714\">Ersatzgutschrift aus<\/strong> , die f\u00fcr eine sp\u00e4tere Stunde verwendet werden kann. Eine R\u00fcckerstattung erfolgt nicht.<\/p><\/li><\/ul><h2 data-start=\"3769\" data-end=\"3809\">4. <strong data-start=\"3775\" data-end=\"3809\">Teilnahme auf eigene Verantwortung<\/strong><\/h2><p data-start=\"3810\" data-end=\"4089\">Die Teilnahme an allen Kursen und Veranstaltungen erfolgt auf <strong data-start=\"3861\" data-end=\"3892\">eigene Gefahr und Verantwortung.<\/strong>Bitte informiere das Team vor Beginn der Stunde \u00fcber eventuelle gesundheitliche Einschr\u00e4nkungen oder Verletzungen. Rocket Station Yoga \u00fcbernimmt keine Haftung f\u00fcr gesundheitliche Sch\u00e4den, die durch unsachgem\u00e4\u00dfe Ausf\u00fchrung oder unvollst\u00e4ndige Information entstehen.<\/p><h2 data-start=\"4091\" data-end=\"4126\">5. <strong data-start=\"4097\" data-end=\"4126\">Datenschutz<\/strong><\/h2><p data-start=\"4127\" data-end=\"4342\">Die Erhebung, Verarbeitung und Nutzung deiner personenbezogenen Daten erfolgt <strong data-start=\"4179\" data-end=\"4222\">ausschlie\u00dflich zur internen Organisation und Kommunikation<\/strong>. Deine <strong data-start=\"4227\" data-end=\"4272\">Daten werden nicht an Dritte weitergegeben<\/strong>.<\/p>\t\t\t\t\t\t\t\t<\/div>\n\t\t\t\t<\/div>\n\t\t\t\t\t<\/div>\n\t\t<\/div>\n\t\t\t\t\t<\/div>\n\t\t<\/section>\n\t\t\t\t<\/div>","protected":false},"excerpt":{"rendered":"<p>Terms &amp; Conditions \u2013 Rocket Station Yoga Berlin 1. Booking and Payment You can book our classes in the following ways: Online via Eversports Urban Sports Club (USC) for USC members In-person at the studio, depending on availability Payments can be made: Online via Eversports In-person via card payment (we do not accept cash) 2. [&hellip;]<\/p>\n","protected":false},"author":3,"featured_media":0,"parent":0,"menu_order":0,"comment_status":"closed","ping_status":"closed","template":"","meta":{"_eb_attr":"","site-sidebar-layout":"default","site-content-layout":"","ast-site-content-layout":"default","site-content-style":"default","site-sidebar-style":"default","ast-global-header-display":"","ast-banner-title-visibility":"","ast-main-header-display":"","ast-hfb-above-header-display":"","ast-hfb-below-header-display":"","ast-hfb-mobile-header-display":"","site-post-title":"","ast-breadcrumbs-content":"","ast-featured-img":"","footer-sml-layout":"","ast-disable-related-posts":"","theme-transparent-header-meta":"","adv-header-id-meta":"","stick-header-meta":"","header-above-stick-meta":"","header-main-stick-meta":"","header-below-stick-meta":"","astra-migrate-meta-layouts":"default","ast-page-background-enabled":"default","ast-page-background-meta":{"desktop":{"background-color":"var(--ast-global-color-4)","background-image":"","background-repeat":"repeat","background-position":"center center","background-size":"auto","background-attachment":"scroll","background-type":"","background-media":"","overlay-type":"","overlay-color":"","overlay-opacity":"","overlay-gradient":""},"tablet":{"background-color":"","background-image":"","background-repeat":"repeat","background-position":"center center","background-size":"auto","background-attachment":"scroll","background-type":"","background-media":"","overlay-type":"","overlay-color":"","overlay-opacity":"","overlay-gradient":""},"mobile":{"background-color":"","background-image":"","background-repeat":"repeat","background-position":"center center","background-size":"auto","background-attachment":"scroll","background-type":"","background-media":"","overlay-type":"","overlay-color":"","overlay-opacity":"","overlay-gradient":""}},"ast-content-background-meta":{"desktop":{"background-color":"var(--ast-global-color-5)","background-image":"","background-repeat":"repeat","background-position":"center center","background-size":"auto","background-attachment":"scroll","background-type":"","background-media":"","overlay-type":"","overlay-color":"","overlay-opacity":"","overlay-gradient":""},"tablet":{"background-color":"var(--ast-global-color-5)","background-image":"","background-repeat":"repeat","background-position":"center center","background-size":"auto","background-attachment":"scroll","background-type":"","background-media":"","overlay-type":"","overlay-color":"","overlay-opacity":"","overlay-gradient":""},"mobile":{"background-color":"var(--ast-global-color-5)","background-image":"","background-repeat":"repeat","background-position":"center center","background-size":"auto","background-attachment":"scroll","background-type":"","background-media":"","overlay-type":"","overlay-color":"","overlay-opacity":"","overlay-gradient":""}},"two_page_speed":[],"footnotes":""},"class_list":["post-2089","page","type-page","status-publish","hentry"],"_links":{"self":[{"href":"https:\/\/rocketstation.de\/de\/wp-json\/wp\/v2\/pages\/2089","targetHints":{"allow":["GET"]}}],"collection":[{"href":"https:\/\/rocketstation.de\/de\/wp-json\/wp\/v2\/pages"}],"about":[{"href":"https:\/\/rocketstation.de\/de\/wp-json\/wp\/v2\/types\/page"}],"author":[{"embeddable":true,"href":"https:\/\/rocketstation.de\/de\/wp-json\/wp\/v2\/users\/3"}],"replies":[{"embeddable":true,"href":"https:\/\/rocketstation.de\/de\/wp-json\/wp\/v2\/comments?post=2089"}],"version-history":[{"count":6,"href":"https:\/\/rocketstation.de\/de\/wp-json\/wp\/v2\/pages\/2089\/revisions"}],"predecessor-version":[{"id":2100,"href":"https:\/\/rocketstation.de\/de\/wp-json\/wp\/v2\/pages\/2089\/revisions\/2100"}],"wp:attachment":[{"href":"https:\/\/rocketstation.de\/de\/wp-json\/wp\/v2\/media?parent=2089"}],"curies":[{"name":"wp","href":"https:\/\/api.w.org\/{rel}","templated":true}]}}