{"id":709,"date":"2023-03-04T10:37:19","date_gmt":"2023-03-04T10:37:19","guid":{"rendered":"https:\/\/rocketstation.de\/?page_id=709"},"modified":"2025-04-27T19:35:49","modified_gmt":"2025-04-27T19:35:49","slug":"impressum","status":"publish","type":"page","link":"https:\/\/rocketstation.de\/de\/impressum\/","title":{"rendered":"Impressum"},"content":{"rendered":"<div data-elementor-type=\"wp-page\" data-elementor-id=\"709\" class=\"elementor elementor-709\" data-elementor-post-type=\"page\">\n\t\t\t\t\t\t<section class=\"elementor-section elementor-top-section elementor-element elementor-element-782d390 elementor-section-boxed elementor-section-height-default elementor-section-height-default\" data-id=\"782d390\" data-element_type=\"section\" data-e-type=\"section\">\n\t\t\t\t\t\t<div class=\"elementor-container elementor-column-gap-default\">\n\t\t\t\t\t<div class=\"elementor-column elementor-col-100 elementor-top-column elementor-element elementor-element-3b1fb2c\" data-id=\"3b1fb2c\" data-element_type=\"column\" data-e-type=\"column\">\n\t\t\t<div class=\"elementor-widget-wrap elementor-element-populated\">\n\t\t\t\t\t\t<div class=\"elementor-element elementor-element-3111912 elementor-widget elementor-widget-heading\" data-id=\"3111912\" data-element_type=\"widget\" data-e-type=\"widget\" data-widget_type=\"heading.default\">\n\t\t\t\t<div class=\"elementor-widget-container\">\n\t\t\t\t\t<h2 class=\"elementor-heading-title elementor-size-default\">Impressum<\/h2>\t\t\t\t<\/div>\n\t\t\t\t<\/div>\n\t\t\t\t<div class=\"elementor-element elementor-element-a9e874a elementor-widget__width-initial elementor-widget elementor-widget-text-editor\" data-id=\"a9e874a\" data-element_type=\"widget\" data-e-type=\"widget\" data-widget_type=\"text-editor.default\">\n\t\t\t\t<div class=\"elementor-widget-container\">\n\t\t\t\t\t\t\t\t\t<p class=\"s4\"><span class=\"s2\">Verantwortlich f\u00fcr den Inhalt dieser Webseite gem\u00e4\u00df \u00a7 5 TMG:<\/span><\/p><p class=\"s4\"><span class=\"s2\">Rocket Station<\/span><span class=\"s2\"><br \/><\/span><span class=\"s2\">Stendaler Stra\u00dfe 1<\/span><span class=\"s2\"><br \/><\/span><span class=\"s2\">10559 Berlin<\/span><\/p><p class=\"s4\"><span class=\"s2\">Telefon: +49 <\/span><span class=\"s2\">17632886055<\/span><span class=\"s2\"><br \/><\/span><span class=\"s2\">E-Mail:<\/span><span class=\"s2\"> rocketstationberlin@gmail.com<\/span><span class=\"s2\"><br \/><\/span><span class=\"s2\">Webseite: <\/span><span class=\"s2\">www.rocketstation.de<\/span><\/p><p class=\"s4\"><span class=\"s2\">Umsatzsteuer-Identifikationsnummer gem\u00e4\u00df \u00a7 27a UStG: DE358781666<\/span><\/p><p class=\"s4\"><span class=\"s2\">Inhaltlich Verantwortlicher gem\u00e4\u00df \u00a7 55 Abs. 2 RStV: <\/span><\/p><p class=\"s4\"><span class=\"s2\">Bernadett Rompos<\/span><span class=\"s2\"><br \/><\/span><span class=\"s2\">&amp;<\/span><span class=\"s2\"><br \/><\/span><span class=\"s2\">Dalma Viczina<\/span><\/p><p class=\"s4\"><span class=\"s2\"><br \/><\/span><span class=\"s2\">Haftungsausschluss: Trotz sorgf\u00e4ltiger inhaltlicher Kontrolle \u00fcbernehmen wir keine Haftung f\u00fcr die Inhalte externer Links. F\u00fcr den Inhalt der verlinkten Seiten sind ausschlie\u00dflich deren Betreiber verantwortlich.<br \/>Die Europ\u00e4ische Kommission stellt eine Plattform zur Online-Streitbeilegung (OS) bereit: <a class=\"\" href=\"https:\/\/ec.europa.eu\/consumers\/odr\/\" target=\"_new\" rel=\"noopener\" data-start=\"1004\" data-end=\"1078\">https:\/\/ec.europa.eu\/consumers\/odr\/<\/a><br data-start=\"1078\" data-end=\"1081\" \/>Unsere E-Mail-Adresse finden Sie oben im Impressum.<br data-start=\"1134\" data-end=\"1137\" \/>Wir sind nicht verpflichtet und nicht bereit, an einem Streitbeilegungsverfahren vor einer Verbraucherschlichtungsstelle teilzunehmen.<br \/><br \/><\/span><\/p><p>Website made with <a href=\"https:\/\/webherz.at\">Webherz<\/a><\/p>\t\t\t\t\t\t\t\t<\/div>\n\t\t\t\t<\/div>\n\t\t\t\t\t<\/div>\n\t\t<\/div>\n\t\t\t\t\t<\/div>\n\t\t<\/section>\n\t\t\t\t<\/div>","protected":false},"excerpt":{"rendered":"<p>Impressum Verantwortlich f\u00fcr den Inhalt dieser Webseite gem\u00e4\u00df \u00a7 5 TMG: Rocket StationStendaler Stra\u00dfe 110559 Berlin Telefon: +49 17632886055E-Mail: rocketstationberlin@gmail.comWebseite: www.rocketstation.de Umsatzsteuer-Identifikationsnummer gem\u00e4\u00df \u00a7 27a UStG: DE358781666 Inhaltlich Verantwortlicher gem\u00e4\u00df \u00a7 55 Abs. 2 RStV: Bernadett Rompos&amp;Dalma Viczina Haftungsausschluss: Trotz sorgf\u00e4ltiger inhaltlicher Kontrolle \u00fcbernehmen wir keine Haftung f\u00fcr die Inhalte externer Links. F\u00fcr den Inhalt [&hellip;]<\/p>\n","protected":false},"author":2,"featured_media":0,"parent":0,"menu_order":0,"comment_status":"closed","ping_status":"closed","template":"","meta":{"_eb_attr":"","site-sidebar-layout":"no-sidebar","site-content-layout":"page-builder","ast-site-content-layout":"default","site-content-style":"default","site-sidebar-style":"default","ast-global-header-display":"","ast-banner-title-visibility":"","ast-main-header-display":"","ast-hfb-above-header-display":"","ast-hfb-below-header-display":"","ast-hfb-mobile-header-display":"","site-post-title":"disabled","ast-breadcrumbs-content":"","ast-featured-img":"disabled","footer-sml-layout":"","ast-disable-related-posts":"","theme-transparent-header-meta":"disabled","adv-header-id-meta":"","stick-header-meta":"","header-above-stick-meta":"","header-main-stick-meta":"","header-below-stick-meta":"","astra-migrate-meta-layouts":"default","ast-page-background-enabled":"default","ast-page-background-meta":{"desktop":{"background-color":"var(--ast-global-color-4)","background-image":"","background-repeat":"repeat","background-position":"center center","background-size":"auto","background-attachment":"scroll","background-type":"","background-media":"","overlay-type":"","overlay-color":"","overlay-opacity":"","overlay-gradient":""},"tablet":{"background-color":"","background-image":"","background-repeat":"repeat","background-position":"center center","background-size":"auto","background-attachment":"scroll","background-type":"","background-media":"","overlay-type":"","overlay-color":"","overlay-opacity":"","overlay-gradient":""},"mobile":{"background-color":"","background-image":"","background-repeat":"repeat","background-position":"center center","background-size":"auto","background-attachment":"scroll","background-type":"","background-media":"","overlay-type":"","overlay-color":"","overlay-opacity":"","overlay-gradient":""}},"ast-content-background-meta":{"desktop":{"background-color":"var(--ast-global-color-5)","background-image":"","background-repeat":"repeat","background-position":"center center","background-size":"auto","background-attachment":"scroll","background-type":"","background-media":"","overlay-type":"","overlay-color":"","overlay-opacity":"","overlay-gradient":""},"tablet":{"background-color":"var(--ast-global-color-5)","background-image":"","background-repeat":"repeat","background-position":"center center","background-size":"auto","background-attachment":"scroll","background-type":"","background-media":"","overlay-type":"","overlay-color":"","overlay-opacity":"","overlay-gradient":""},"mobile":{"background-color":"var(--ast-global-color-5)","background-image":"","background-repeat":"repeat","background-position":"center center","background-size":"auto","background-attachment":"scroll","background-type":"","background-media":"","overlay-type":"","overlay-color":"","overlay-opacity":"","overlay-gradient":""}},"two_page_speed":[],"footnotes":""},"class_list":["post-709","page","type-page","status-publish","hentry"],"_links":{"self":[{"href":"https:\/\/rocketstation.de\/de\/wp-json\/wp\/v2\/pages\/709","targetHints":{"allow":["GET"]}}],"collection":[{"href":"https:\/\/rocketstation.de\/de\/wp-json\/wp\/v2\/pages"}],"about":[{"href":"https:\/\/rocketstation.de\/de\/wp-json\/wp\/v2\/types\/page"}],"author":[{"embeddable":true,"href":"https:\/\/rocketstation.de\/de\/wp-json\/wp\/v2\/users\/2"}],"replies":[{"embeddable":true,"href":"https:\/\/rocketstation.de\/de\/wp-json\/wp\/v2\/comments?post=709"}],"version-history":[{"count":18,"href":"https:\/\/rocketstation.de\/de\/wp-json\/wp\/v2\/pages\/709\/revisions"}],"predecessor-version":[{"id":2088,"href":"https:\/\/rocketstation.de\/de\/wp-json\/wp\/v2\/pages\/709\/revisions\/2088"}],"wp:attachment":[{"href":"https:\/\/rocketstation.de\/de\/wp-json\/wp\/v2\/media?parent=709"}],"curies":[{"name":"wp","href":"https:\/\/api.w.org\/{rel}","templated":true}]}}